{"id":799,"date":"2024-06-06T08:55:04","date_gmt":"2024-06-06T07:55:04","guid":{"rendered":"https:\/\/breakeven.lu\/?page_id=799"},"modified":"2024-10-31T22:32:21","modified_gmt":"2024-10-31T21:32:21","slug":"press","status":"publish","type":"page","link":"https:\/\/breakeven.lu\/fr\/press\/","title":{"rendered":"Presse"},"content":{"rendered":"<div data-elementor-type=\"wp-page\" data-elementor-id=\"799\" class=\"elementor elementor-799\">\n\t\t\t\t<div class=\"elementor-element elementor-element-dd70c55 e-flex e-con-boxed e-con e-parent\" data-id=\"dd70c55\" data-element_type=\"container\" data-e-type=\"container\">\n\t\t\t\t\t<div class=\"e-con-inner\">\n\t\t\t\t<div class=\"elementor-element elementor-element-9af0d7c elementor-widget elementor-widget-heading\" data-id=\"9af0d7c\" data-element_type=\"widget\" data-e-type=\"widget\" data-widget_type=\"heading.default\">\n\t\t\t\t<div class=\"elementor-widget-container\">\n\t\t\t\t\t<h1 class=\"elementor-heading-title elementor-size-default\">Presse<\/h1>\t\t\t\t<\/div>\n\t\t\t\t<\/div>\n\t\t\t\t<div class=\"elementor-element elementor-element-2ae9c52 elementor-widget elementor-widget-text-editor\" data-id=\"2ae9c52\" data-element_type=\"widget\" data-e-type=\"widget\" data-widget_type=\"text-editor.default\">\n\t\t\t\t<div class=\"elementor-widget-container\">\n\t\t\t\t\t\t\t\t\t<p>Vous trouverez ici toutes nos pr\u00e9c\u00e9dentes mentions dans les m\u00e9dias, nos interviews et nos articles. Apprenez-en plus sur notre mission, nos r\u00e9alisations et la mani\u00e8re dont nous enrichissons la communaut\u00e9 du breakdance au Luxembourg.<\/p>\t\t\t\t\t\t\t\t<\/div>\n\t\t\t\t<\/div>\n\t\t\t\t\t<\/div>\n\t\t\t\t<\/div>\n\t\t<div class=\"elementor-element elementor-element-1ec24b2 e-flex e-con-boxed e-con e-parent\" data-id=\"1ec24b2\" data-element_type=\"container\" data-e-type=\"container\">\n\t\t\t\t\t<div class=\"e-con-inner\">\n\t\t<div class=\"elementor-element elementor-element-4a3b159 e-con-full e-flex e-con e-child\" data-id=\"4a3b159\" data-element_type=\"container\" data-e-type=\"container\">\n\t\t\t\t<div class=\"elementor-element elementor-element-d577ecf elementor-widget elementor-widget-heading\" data-id=\"d577ecf\" data-element_type=\"widget\" data-e-type=\"widget\" data-widget_type=\"heading.default\">\n\t\t\t\t<div class=\"elementor-widget-container\">\n\t\t\t\t\t<h2 class=\"elementor-heading-title elementor-size-default\">Tageblatt<\/h2>\t\t\t\t<\/div>\n\t\t\t\t<\/div>\n\t\t\t\t<div class=\"elementor-element elementor-element-c34ceec elementor-widget elementor-widget-text-editor\" data-id=\"c34ceec\" data-element_type=\"widget\" data-e-type=\"widget\" data-widget_type=\"text-editor.default\">\n\t\t\t\t<div class=\"elementor-widget-container\">\n\t\t\t\t\t\t\t\t\t<p><strong>Paris 2024<\/strong> | Wie zehn Luxemburger T\u00e4nzer die Breakdance-Premiere bei Olympia erleben<\/p><p><a href=\"https:\/\/www.tageblatt.lu\/headlines\/wie-zehn-luxemburger-taenzer-die-breakdance-premiere-bei-olympia-erleben\/\" target=\"_blank\" rel=\"noopener\">Lire l'article<\/a><\/p>\t\t\t\t\t\t\t\t<\/div>\n\t\t\t\t<\/div>\n\t\t\t\t<div class=\"elementor-element elementor-element-618dcef elementor-widget elementor-widget-text-editor\" data-id=\"618dcef\" data-element_type=\"widget\" data-e-type=\"widget\" data-widget_type=\"text-editor.default\">\n\t\t\t\t<div class=\"elementor-widget-container\">\n\t\t\t\t\t\t\t\t\t<p><strong>Tanzsport<\/strong> | Wie zwei junge Luxemburger die Breakdance-Szene wiederaufleben lassen wollen<\/p><p><a href=\"https:\/\/www.tageblatt.lu\/headlines\/wie-zwei-junge-luxemburger-die-breakdance-szene-wiederaufleben-lassen-wollen\/\" target=\"_blank\" rel=\"noopener\">Lire l'article<\/a><\/p>\t\t\t\t\t\t\t\t<\/div>\n\t\t\t\t<\/div>\n\t\t\t\t<div class=\"elementor-element elementor-element-d6975eb elementor-widget elementor-widget-heading\" data-id=\"d6975eb\" data-element_type=\"widget\" data-e-type=\"widget\" data-widget_type=\"heading.default\">\n\t\t\t\t<div class=\"elementor-widget-container\">\n\t\t\t\t\t<h2 class=\"elementor-heading-title elementor-size-default\">Luxemburger Wort<\/h2>\t\t\t\t<\/div>\n\t\t\t\t<\/div>\n\t\t\t\t<div class=\"elementor-element elementor-element-35716e0 elementor-widget elementor-widget-text-editor\" data-id=\"35716e0\" data-element_type=\"widget\" data-e-type=\"widget\" data-widget_type=\"text-editor.default\">\n\t\t\t\t<div class=\"elementor-widget-container\">\n\t\t\t\t\t\t\t\t\t<p><strong>Breakdance<\/strong> | Auf dem Kopf wirbelnd oder im Handstand nach Paris tanzen<\/p><p><a href=\"https:\/\/www.wort.lu\/sport\/auf-dem-kopf-wirbelnd-oder-im-handstand-nach-paris-tanzen\/2612578.html\" target=\"_blank\" rel=\"noopener\">Lire l'article<\/a><\/p>\t\t\t\t\t\t\t\t<\/div>\n\t\t\t\t<\/div>\n\t\t\t\t<div class=\"elementor-element elementor-element-5935aaf elementor-widget elementor-widget-heading\" data-id=\"5935aaf\" data-element_type=\"widget\" data-e-type=\"widget\" data-widget_type=\"heading.default\">\n\t\t\t\t<div class=\"elementor-widget-container\">\n\t\t\t\t\t<h2 class=\"elementor-heading-title elementor-size-default\">Moien! Mental!<\/h2>\t\t\t\t<\/div>\n\t\t\t\t<\/div>\n\t\t\t\t<div class=\"elementor-element elementor-element-e268c0b elementor-widget elementor-widget-text-editor\" data-id=\"e268c0b\" data-element_type=\"widget\" data-e-type=\"widget\" data-widget_type=\"text-editor.default\">\n\t\t\t\t<div class=\"elementor-widget-container\">\n\t\t\t\t\t\t\t\t\t<p><strong>Culture <\/strong>| Un break de courte dur\u00e9e<\/p><p><a href=\"https:\/\/www.moien-mental.lu\/fr\/actu\/luxembourg\/un-break-de-courte-duree\" target=\"_blank\" rel=\"noopener\">Lire l'article<\/a><\/p>\t\t\t\t\t\t\t\t<\/div>\n\t\t\t\t<\/div>\n\t\t\t\t<\/div>\n\t\t<div class=\"elementor-element elementor-element-9c23c02 e-con-full e-flex e-con e-child\" data-id=\"9c23c02\" data-element_type=\"container\" data-e-type=\"container\">\n\t\t\t\t<div class=\"elementor-element elementor-element-faa31d7 elementor-widget elementor-widget-heading\" data-id=\"faa31d7\" data-element_type=\"widget\" data-e-type=\"widget\" data-widget_type=\"heading.default\">\n\t\t\t\t<div class=\"elementor-widget-container\">\n\t\t\t\t\t<h2 class=\"elementor-heading-title elementor-size-default\">RTL l\u00ebtzebuerg<\/h2>\t\t\t\t<\/div>\n\t\t\t\t<\/div>\n\t\t\t\t<div class=\"elementor-element elementor-element-77cc32d elementor-widget elementor-widget-text-editor\" data-id=\"77cc32d\" data-element_type=\"widget\" data-e-type=\"widget\" data-widget_type=\"text-editor.default\">\n\t\t\t\t<div class=\"elementor-widget-container\">\n\t\t\t\t\t\t\t\t\t<p>Spaass fir Grouss a Kleng um COSL Spillfest (9.5.24)<\/p><p><a href=\"https:\/\/www.rtl.lu\/fotoen\/39487.html#p29\" target=\"_blank\" rel=\"noopener\">Lire l'article<\/a><\/p>\t\t\t\t\t\t\t\t<\/div>\n\t\t\t\t<\/div>\n\t\t\t\t<div class=\"elementor-element elementor-element-139f4e6 elementor-widget elementor-widget-text-editor\" data-id=\"139f4e6\" data-element_type=\"widget\" data-e-type=\"widget\" data-widget_type=\"text-editor.default\">\n\t\t\t\t<div class=\"elementor-widget-container\">\n\t\t\t\t\t\t\t\t\t<p><strong>Breakdance<\/strong> | Dr\u00e4i Jonge mat engem groussen Dram: d&#8217;Olympesch Spiller<\/p><p><a href=\"https:\/\/www.rtl.lu\/sport\/news\/a\/2111034.html\" target=\"_blank\" rel=\"noopener\">Lire l'article<\/a><\/p>\t\t\t\t\t\t\t\t<\/div>\n\t\t\t\t<\/div>\n\t\t\t\t<div class=\"elementor-element elementor-element-037ae6d elementor-widget elementor-widget-heading\" data-id=\"037ae6d\" data-element_type=\"widget\" data-e-type=\"widget\" data-widget_type=\"heading.default\">\n\t\t\t\t<div class=\"elementor-widget-container\">\n\t\t\t\t\t<h2 class=\"elementor-heading-title elementor-size-default\">L\u00ebtzebuerger Journal<\/h2>\t\t\t\t<\/div>\n\t\t\t\t<\/div>\n\t\t\t\t<div class=\"elementor-element elementor-element-ce6964d elementor-widget elementor-widget-text-editor\" data-id=\"ce6964d\" data-element_type=\"widget\" data-e-type=\"widget\" data-widget_type=\"text-editor.default\">\n\t\t\t\t<div class=\"elementor-widget-container\">\n\t\t\t\t\t\t\t\t\t<p><strong>Breakdance<\/strong> | Von der Stra\u00dfe nach Olympia<\/p><p><a href=\"https:\/\/journal.lu\/de\/von-der-strasse-nach-olympia\" target=\"_blank\" rel=\"noopener\">Lire l'article<\/a><\/p>\t\t\t\t\t\t\t\t<\/div>\n\t\t\t\t<\/div>\n\t\t\t\t<\/div>\n\t\t\t\t\t<\/div>\n\t\t\t\t<\/div>\n\t\t\t\t<\/div>","protected":false},"excerpt":{"rendered":"<p>Press Here you will find all our previous media mentions, interviews and articles. Learn more about our mission, our achievements and how we enrich the breakdance community in Luxembourg. Tageblatt Paris 2024 | Wie zehn Luxemburger T\u00e4nzer die Breakdance-Premiere bei Olympia erleben Read Article Tanzsport | Wie zwei junge Luxemburger die Breakdance-Szene wiederaufleben lassen wollen [&hellip;]<\/p>\n","protected":false},"author":1,"featured_media":0,"parent":0,"menu_order":0,"comment_status":"closed","ping_status":"closed","template":"","meta":{"footnotes":""},"class_list":["post-799","page","type-page","status-publish","hentry"],"_links":{"self":[{"href":"https:\/\/breakeven.lu\/fr\/wp-json\/wp\/v2\/pages\/799","targetHints":{"allow":["GET"]}}],"collection":[{"href":"https:\/\/breakeven.lu\/fr\/wp-json\/wp\/v2\/pages"}],"about":[{"href":"https:\/\/breakeven.lu\/fr\/wp-json\/wp\/v2\/types\/page"}],"author":[{"embeddable":true,"href":"https:\/\/breakeven.lu\/fr\/wp-json\/wp\/v2\/users\/1"}],"replies":[{"embeddable":true,"href":"https:\/\/breakeven.lu\/fr\/wp-json\/wp\/v2\/comments?post=799"}],"version-history":[{"count":46,"href":"https:\/\/breakeven.lu\/fr\/wp-json\/wp\/v2\/pages\/799\/revisions"}],"predecessor-version":[{"id":885,"href":"https:\/\/breakeven.lu\/fr\/wp-json\/wp\/v2\/pages\/799\/revisions\/885"}],"wp:attachment":[{"href":"https:\/\/breakeven.lu\/fr\/wp-json\/wp\/v2\/media?parent=799"}],"curies":[{"name":"wp","href":"https:\/\/api.w.org\/{rel}","templated":true}]}}